{"id":8126,"date":"2022-04-26T11:04:58","date_gmt":"2022-04-26T15:04:58","guid":{"rendered":"https:\/\/expo67.museum\/?page_id=8126"},"modified":"2025-07-20T23:40:47","modified_gmt":"2025-07-21T03:40:47","slug":"about","status":"publish","type":"page","link":"https:\/\/www.expo67.museum\/en\/about\/","title":{"rendered":"About"},"content":{"rendered":"\t\t<div data-elementor-type=\"wp-page\" data-elementor-id=\"8126\" class=\"elementor elementor-8126\" data-elementor-post-type=\"page\">\n\t\t\t\t\t\t<section class=\"elementor-section elementor-top-section elementor-element elementor-element-85e957b elementor-section-stretched elementor-section-boxed elementor-section-height-default elementor-section-height-default\" data-id=\"85e957b\" data-element_type=\"section\" data-e-type=\"section\" data-settings=\"{&quot;stretch_section&quot;:&quot;section-stretched&quot;}\">\n\t\t\t\t\t\t<div class=\"elementor-container elementor-column-gap-default\">\n\t\t\t\t\t<div class=\"elementor-column elementor-col-100 elementor-top-column elementor-element elementor-element-d323d07\" data-id=\"d323d07\" data-element_type=\"column\" data-e-type=\"column\">\n\t\t\t<div class=\"elementor-widget-wrap elementor-element-populated\">\n\t\t\t\t\t\t<div class=\"elementor-element elementor-element-84e4798 elementor-widget elementor-widget-heading\" data-id=\"84e4798\" data-element_type=\"widget\" data-e-type=\"widget\" data-widget_type=\"heading.default\">\n\t\t\t\t<div class=\"elementor-widget-container\">\n\t\t\t\t\t<h2 class=\"elementor-heading-title elementor-size-default\">About Expo67.museum<\/h2>\t\t\t\t<\/div>\n\t\t\t\t<\/div>\n\t\t\t\t<section class=\"elementor-section elementor-inner-section elementor-element elementor-element-d7f1c5a elementor-section-full_width elementor-section-height-default elementor-section-height-default\" data-id=\"d7f1c5a\" data-element_type=\"section\" data-e-type=\"section\" data-settings=\"{&quot;shape_divider_top&quot;:&quot;mountains&quot;}\">\n\t\t\t\t\t<div class=\"elementor-shape elementor-shape-top\" aria-hidden=\"true\" data-negative=\"false\">\n\t\t\t<svg xmlns=\"http:\/\/www.w3.org\/2000\/svg\" viewBox=\"0 0 1000 100\" preserveAspectRatio=\"none\">\n\t<path class=\"elementor-shape-fill\" opacity=\"0.33\" d=\"M473,67.3c-203.9,88.3-263.1-34-320.3,0C66,119.1,0,59.7,0,59.7V0h1000v59.7 c0,0-62.1,26.1-94.9,29.3c-32.8,3.3-62.8-12.3-75.8-22.1C806,49.6,745.3,8.7,694.9,4.7S492.4,59,473,67.3z\"\/>\n\t<path class=\"elementor-shape-fill\" opacity=\"0.66\" d=\"M734,67.3c-45.5,0-77.2-23.2-129.1-39.1c-28.6-8.7-150.3-10.1-254,39.1 s-91.7-34.4-149.2,0C115.7,118.3,0,39.8,0,39.8V0h1000v36.5c0,0-28.2-18.5-92.1-18.5C810.2,18.1,775.7,67.3,734,67.3z\"\/>\n\t<path class=\"elementor-shape-fill\" d=\"M766.1,28.9c-200-57.5-266,65.5-395.1,19.5C242,1.8,242,5.4,184.8,20.6C128,35.8,132.3,44.9,89.9,52.5C28.6,63.7,0,0,0,0 h1000c0,0-9.9,40.9-83.6,48.1S829.6,47,766.1,28.9z\"\/>\n<\/svg>\t\t<\/div>\n\t\t\t\t\t<div class=\"elementor-container elementor-column-gap-wide\">\n\t\t\t\t\t<div class=\"elementor-column elementor-col-50 elementor-inner-column elementor-element elementor-element-c719afd\" data-id=\"c719afd\" data-element_type=\"column\" data-e-type=\"column\">\n\t\t\t<div class=\"elementor-widget-wrap elementor-element-populated\">\n\t\t\t\t\t\t<div class=\"elementor-element elementor-element-6e70a06 elementor-align-left elementor-widget elementor-widget-button\" data-id=\"6e70a06\" data-element_type=\"widget\" data-e-type=\"widget\" data-widget_type=\"button.default\">\n\t\t\t\t<div class=\"elementor-widget-container\">\n\t\t\t\t\t\t\t\t\t<div class=\"elementor-button-wrapper\">\n\t\t\t\t\t<a class=\"elementor-button elementor-button-link elementor-size-sm\" href=\"https:\/\/www.patreon.com\/expo67museum\" target=\"_blank\">\n\t\t\t\t\t\t<span class=\"elementor-button-content-wrapper\">\n\t\t\t\t\t\t<span class=\"elementor-button-icon\">\n\t\t\t\t<i aria-hidden=\"true\" class=\"fas fa-donate\"><\/i>\t\t\t<\/span>\n\t\t\t\t\t\t\t\t\t<span class=\"elementor-button-text\">Support expo67.museum by making a donation on Patreon<\/span>\n\t\t\t\t\t<\/span>\n\t\t\t\t\t<\/a>\n\t\t\t\t<\/div>\n\t\t\t\t\t\t\t\t<\/div>\n\t\t\t\t<\/div>\n\t\t\t\t<div class=\"elementor-element elementor-element-399cc79 elementor-widget elementor-widget-image\" data-id=\"399cc79\" data-element_type=\"widget\" data-e-type=\"widget\" data-widget_type=\"image.default\">\n\t\t\t\t<div class=\"elementor-widget-container\">\n\t\t\t\t\t\t\t\t\t\t\t\t<figure class=\"wp-caption\">\n\t\t\t\t\t\t\t\t\t\t<img fetchpriority=\"high\" decoding=\"async\" width=\"768\" height=\"520\" src=\"https:\/\/www.expo67.museum\/wp-content\/uploads\/2024\/11\/PHOTO186_Pavillon_des_Communautes_europeennes_exterieur_R-768x520.jpg\" class=\"attachment-medium_large size-medium_large wp-image-18053\" alt=\"\" srcset=\"https:\/\/www.expo67.museum\/wp-content\/uploads\/2024\/11\/PHOTO186_Pavillon_des_Communautes_europeennes_exterieur_R-768x520.jpg 768w, https:\/\/www.expo67.museum\/wp-content\/uploads\/2024\/11\/PHOTO186_Pavillon_des_Communautes_europeennes_exterieur_R-300x203.jpg 300w, https:\/\/www.expo67.museum\/wp-content\/uploads\/2024\/11\/PHOTO186_Pavillon_des_Communautes_europeennes_exterieur_R-1024x694.jpg 1024w, https:\/\/www.expo67.museum\/wp-content\/uploads\/2024\/11\/PHOTO186_Pavillon_des_Communautes_europeennes_exterieur_R-600x406.jpg 600w, https:\/\/www.expo67.museum\/wp-content\/uploads\/2024\/11\/PHOTO186_Pavillon_des_Communautes_europeennes_exterieur_R.jpg 1280w\" sizes=\"(max-width: 768px) 100vw, 768px\" \/>\t\t\t\t\t\t\t\t\t\t\t<figcaption class=\"widget-image-caption wp-caption-text\"><\/figcaption>\n\t\t\t\t\t\t\t\t\t\t<\/figure>\n\t\t\t\t\t\t\t\t\t<\/div>\n\t\t\t\t<\/div>\n\t\t\t\t<div class=\"elementor-element elementor-element-53c2780 elementor-drop-cap-yes elementor-drop-cap-view-default elementor-widget elementor-widget-text-editor\" data-id=\"53c2780\" data-element_type=\"widget\" data-e-type=\"widget\" data-settings=\"{&quot;drop_cap&quot;:&quot;yes&quot;}\" data-widget_type=\"text-editor.default\">\n\t\t\t\t<div class=\"elementor-widget-container\">\n\t\t\t\t\t\t\t\t\t<p data-start=\"168\" data-end=\"344\">Expo67.museum<strong> is a living archive, an engaged media<\/strong> platform, and an invitation to step back into the fascinating world of <strong>Montreal\u2019s World\u2019s Fair<\/strong>, as if you were there.<\/p><p data-start=\"346\" data-end=\"511\">More than just a collection of archives, it opens a window onto the vibrant history of <strong data-start=\"433\" data-end=\"444\">Expo 67<\/strong>, an event that continues to inspire and capture the imagination.<\/p><p data-start=\"513\" data-end=\"833\">Our mission? To <strong data-start=\"529\" data-end=\"560\">preserve, promote and share<\/strong> the extraordinary documentary heritage of this <strong data-start=\"608\" data-end=\"650\">international and universal exposition<\/strong>. We collect, digitize, classify and protect a wide range of archival materials, making them accessible to all who wish to discover or rediscover this remarkable chapter of history.<\/p><p data-start=\"835\" data-end=\"1088\">Through our <strong data-start=\"847\" data-end=\"867\">digital platform<\/strong>, we offer privileged access to these treasures, alongside exclusive content: articles, in-depth features, analyses and stories that help place <strong data-start=\"1011\" data-end=\"1022\">Expo 67<\/strong> in context, shed light on its impact and keep its memory alive.<\/p><p data-start=\"1090\" data-end=\"1396\">We also draw connections to the present-day world of <strong data-start=\"1143\" data-end=\"1160\">World\u2019s Fairs<\/strong>, past and present, by exploring their evolution, their major challenges and what they continue to contribute to the world. A <strong data-start=\"1286\" data-end=\"1303\">living legacy<\/strong> that resonates with the questions these global events still raise for our societies today.<\/p>\t\t\t\t\t\t\t\t<\/div>\n\t\t\t\t<\/div>\n\t\t\t\t<div class=\"elementor-element elementor-element-b66061e elementor-widget-divider--view-line elementor-widget elementor-widget-divider\" data-id=\"b66061e\" data-element_type=\"widget\" data-e-type=\"widget\" data-widget_type=\"divider.default\">\n\t\t\t\t<div class=\"elementor-widget-container\">\n\t\t\t\t\t\t\t<div class=\"elementor-divider\">\n\t\t\t<span class=\"elementor-divider-separator\">\n\t\t\t\t\t\t<\/span>\n\t\t<\/div>\n\t\t\t\t\t\t<\/div>\n\t\t\t\t<\/div>\n\t\t\t\t<div class=\"elementor-element elementor-element-9e0ce7a elementor-widget elementor-widget-heading\" data-id=\"9e0ce7a\" data-element_type=\"widget\" data-e-type=\"widget\" data-widget_type=\"heading.default\">\n\t\t\t\t<div class=\"elementor-widget-container\">\n\t\t\t\t\t<h2 class=\"elementor-heading-title elementor-size-default\">Editorial team<\/h2>\t\t\t\t<\/div>\n\t\t\t\t<\/div>\n\t\t\t\t<div class=\"elementor-element elementor-element-e46dae2 elementor-widget elementor-widget-text-editor\" data-id=\"e46dae2\" data-element_type=\"widget\" data-e-type=\"widget\" data-widget_type=\"text-editor.default\">\n\t\t\t\t<div class=\"elementor-widget-container\">\n\t\t\t\t\t\t\t\t\t<p data-start=\"72\" data-end=\"241\">Anthony Plagnes Pay\u00e1<br \/>M\u00e9lanie C\u00f4t\u00e9<br \/>Marie-Pier Gagnon<br \/>Felipe Orozco Morales<br \/>Lei Zheng<\/p>\t\t\t\t\t\t\t\t<\/div>\n\t\t\t\t<\/div>\n\t\t\t\t\t<\/div>\n\t\t<\/div>\n\t\t\t\t<div class=\"elementor-column elementor-col-50 elementor-inner-column elementor-element elementor-element-614964e\" data-id=\"614964e\" data-element_type=\"column\" data-e-type=\"column\" data-settings=\"{&quot;background_background&quot;:&quot;classic&quot;}\">\n\t\t\t<div class=\"elementor-widget-wrap elementor-element-populated\">\n\t\t\t\t\t\t<div class=\"elementor-element elementor-element-47ac7cc elementor-widget elementor-widget-heading\" data-id=\"47ac7cc\" data-element_type=\"widget\" data-e-type=\"widget\" data-widget_type=\"heading.default\">\n\t\t\t\t<div class=\"elementor-widget-container\">\n\t\t\t\t\t<h4 class=\"elementor-heading-title elementor-size-default\">Contact<\/h4>\t\t\t\t<\/div>\n\t\t\t\t<\/div>\n\t\t\t\t<div class=\"elementor-element elementor-element-a814034 elementor-widget elementor-widget-wpforms\" data-id=\"a814034\" data-element_type=\"widget\" data-e-type=\"widget\" data-widget_type=\"wpforms.default\">\n\t\t\t\t<div class=\"elementor-widget-container\">\n\t\t\t\t\t<style id=\"wpforms-css-vars-elementor-widget-a814034\">\n\t\t\t\t.elementor-widget-wpforms.elementor-element-a814034 {\n\t\t\t\t--wpforms-field-text-color: #1137A2;\n--wpforms-label-color: #FFFFFFD9;\n--wpforms-button-background-color: #CD351D;\n\t\t\t}\n\t\t\t<\/style><div class=\"wpforms-container wpforms-container-full wpforms-render-modern\" id=\"wpforms-12567\"><form id=\"wpforms-form-12567\" class=\"wpforms-validate wpforms-form wpforms-ajax-form\" data-formid=\"12567\" method=\"post\" enctype=\"multipart\/form-data\" action=\"\/en\/wp-json\/wp\/v2\/pages\/8126\" data-token=\"97809611ee499b6df484c60e1ea6fc67\" data-token-time=\"1776383203\"><noscript class=\"wpforms-error-noscript\">Please enable JavaScript in your browser to complete this form.<\/noscript><div id=\"wpforms-error-noscript\" style=\"display: none;\">Please enable JavaScript in your browser to complete this form.<\/div><div class=\"wpforms-field-container\"><div id=\"wpforms-12567-field_0-container\" class=\"wpforms-field wpforms-field-name\" data-field-id=\"0\"><label class=\"wpforms-field-label\" for=\"wpforms-12567-field_0\">Name <span class=\"wpforms-required-label\" aria-hidden=\"true\">*<\/span><\/label><input type=\"text\" id=\"wpforms-12567-field_0\" class=\"wpforms-field-medium wpforms-field-required\" name=\"wpforms[fields][0]\" aria-errormessage=\"wpforms-12567-field_0-error\" required><\/div>\t\t<div id=\"wpforms-12567-field_3-container\"\n\t\t\tclass=\"wpforms-field wpforms-field-text\"\n\t\t\tdata-field-type=\"text\"\n\t\t\tdata-field-id=\"3\"\n\t\t\t>\n\t\t\t<label class=\"wpforms-field-label\" for=\"wpforms-12567-field_3\" >Email Name Message<\/label>\n\t\t\t<input type=\"text\" id=\"wpforms-12567-field_3\" class=\"wpforms-field-medium\" name=\"wpforms[fields][3]\" >\n\t\t<\/div>\n\t\t<div id=\"wpforms-12567-field_1-container\" class=\"wpforms-field wpforms-field-email\" data-field-id=\"1\"><label class=\"wpforms-field-label\" for=\"wpforms-12567-field_1\">Email <span class=\"wpforms-required-label\" aria-hidden=\"true\">*<\/span><\/label><input type=\"email\" id=\"wpforms-12567-field_1\" class=\"wpforms-field-medium wpforms-field-required\" name=\"wpforms[fields][1]\" spellcheck=\"false\" aria-errormessage=\"wpforms-12567-field_1-error\" required><\/div><div id=\"wpforms-12567-field_2-container\" class=\"wpforms-field wpforms-field-textarea\" data-field-id=\"2\"><label class=\"wpforms-field-label\" for=\"wpforms-12567-field_2\">Message<\/label><textarea id=\"wpforms-12567-field_2\" class=\"wpforms-field-medium\" name=\"wpforms[fields][2]\" aria-errormessage=\"wpforms-12567-field_2-error\" ><\/textarea><\/div><script>\n\t\t\t\t( function() {\n\t\t\t\t\tconst style = document.createElement( 'style' );\n\t\t\t\t\tstyle.appendChild( document.createTextNode( '#wpforms-12567-field_3-container { position: absolute !important; overflow: hidden !important; display: inline !important; height: 1px !important; width: 1px !important; z-index: -1000 !important; padding: 0 !important; } #wpforms-12567-field_3-container input { visibility: hidden; } #wpforms-conversational-form-page #wpforms-12567-field_3-container label { counter-increment: none; }' ) );\n\t\t\t\t\tdocument.head.appendChild( style );\n\t\t\t\t\tdocument.currentScript?.remove();\n\t\t\t\t} )();\n\t\t\t<\/script><\/div><!-- .wpforms-field-container --><div class=\"wpforms-recaptcha-container wpforms-is-recaptcha wpforms-is-recaptcha-type-v3\" ><input type=\"hidden\" name=\"wpforms[recaptcha]\" value=\"\"><\/div><div class=\"wpforms-submit-container\" ><input type=\"hidden\" name=\"wpforms[id]\" value=\"12567\"><input type=\"hidden\" name=\"page_title\" value=\"\"><input type=\"hidden\" name=\"page_url\" value=\"https:\/\/www.expo67.museum\/en\/wp-json\/wp\/v2\/pages\/8126\"><input type=\"hidden\" name=\"url_referer\" value=\"\"><button type=\"submit\" name=\"wpforms[submit]\" id=\"wpforms-submit-12567\" class=\"wpforms-submit\" data-alt-text=\"Sending...\" data-submit-text=\"Send\" aria-live=\"assertive\" value=\"wpforms-submit\">Send<\/button><img decoding=\"async\" src=\"https:\/\/www.expo67.museum\/wp-content\/plugins\/wpforms-lite\/assets\/images\/submit-spin.svg\" class=\"wpforms-submit-spinner\" style=\"display: none;\" width=\"26\" height=\"26\" alt=\"Loading\"><\/div><\/form><\/div>  <!-- .wpforms-container -->\t\t\t\t<\/div>\n\t\t\t\t<\/div>\n\t\t\t\t\t<\/div>\n\t\t<\/div>\n\t\t\t\t\t<\/div>\n\t\t<\/section>\n\t\t\t\t\t<\/div>\n\t\t<\/div>\n\t\t\t\t\t<\/div>\n\t\t<\/section>\n\t\t\t\t<section class=\"elementor-section elementor-top-section elementor-element elementor-element-fd25c5f elementor-section-stretched elementor-section-boxed elementor-section-height-default elementor-section-height-default\" data-id=\"fd25c5f\" data-element_type=\"section\" data-e-type=\"section\" data-settings=\"{&quot;stretch_section&quot;:&quot;section-stretched&quot;}\">\n\t\t\t\t\t\t<div class=\"elementor-container elementor-column-gap-default\">\n\t\t\t\t\t<div class=\"elementor-column elementor-col-100 elementor-top-column elementor-element elementor-element-ff93577\" data-id=\"ff93577\" data-element_type=\"column\" data-e-type=\"column\">\n\t\t\t<div class=\"elementor-widget-wrap elementor-element-populated\">\n\t\t\t\t\t\t<div class=\"elementor-element elementor-element-b7c7ec2 elementor-widget-divider--view-line elementor-widget elementor-widget-divider\" data-id=\"b7c7ec2\" data-element_type=\"widget\" data-e-type=\"widget\" data-widget_type=\"divider.default\">\n\t\t\t\t<div class=\"elementor-widget-container\">\n\t\t\t\t\t\t\t<div class=\"elementor-divider\">\n\t\t\t<span class=\"elementor-divider-separator\">\n\t\t\t\t\t\t<\/span>\n\t\t<\/div>\n\t\t\t\t\t\t<\/div>\n\t\t\t\t<\/div>\n\t\t\t\t<div class=\"elementor-element elementor-element-de60610 elementor-widget elementor-widget-heading\" data-id=\"de60610\" data-element_type=\"widget\" data-e-type=\"widget\" data-widget_type=\"heading.default\">\n\t\t\t\t<div class=\"elementor-widget-container\">\n\t\t\t\t\t<h2 class=\"elementor-heading-title elementor-size-default\">Rights of use, reuse and credits<\/h2>\t\t\t\t<\/div>\n\t\t\t\t<\/div>\n\t\t\t\t<div class=\"elementor-element elementor-element-fe3c44f elementor-widget elementor-widget-text-editor\" data-id=\"fe3c44f\" data-element_type=\"widget\" data-e-type=\"widget\" data-widget_type=\"text-editor.default\">\n\t\t\t\t<div class=\"elementor-widget-container\">\n\t\t\t\t\t\t\t\t\t<p>Some of the materials made available on this site may be protected by copyright.<\/p><p>Other documents have been identified as being in the public domain.<\/p><p>Expo67.museum, a registered non-profit organization, makes them available for educational purposes under the fair dealing provisions of the\u00a0<a href=\"https:\/\/lois.justice.gc.ca\/eng\/acts\/c-42\/FullText.html#h-103270\" target=\"_blank\" rel=\"noopener\">Canadian Copyright Act (R.S.C. [1985], c. C-42)<\/a>.<\/p><p>You may therefore reuse the content as long as you cite the exact source (expo67.museum Archives. Author, Title, Document number.), as long as you do not use it for commercial purposes and you share it under the same conditions governing fair use.<\/p><p>The fair use clause allows expo67.museum users to use copyrighted works for private study, research, education, parody, satire, criticism, review, and news reporting, without the need for specific permission, provided that they cite the source, author, performer, producer, or broadcaster if such information is available in the source.<\/p><p>Expo67.museum does not provide legal advice to users regarding the applicability or otherwise of an exception to copyright. This is the sole responsibility of the user. However, it is strictly forbidden to commercialize or resell the content of the expo67.museum website, at any time and under any circumstances.<\/p><p>If you have any questions regarding the rights of use, reuse and credits, you can contact us via the form above.<\/p>\t\t\t\t\t\t\t\t<\/div>\n\t\t\t\t<\/div>\n\t\t\t\t\t<\/div>\n\t\t<\/div>\n\t\t\t\t\t<\/div>\n\t\t<\/section>\n\t\t\t\t<\/div>\n\t\t","protected":false},"excerpt":{"rendered":"<p>About Expo67.museum Support expo67.museum by making a donation on Patreon Expo67.museum is a living archive, an engaged media platform, and an invitation to step back into the fascinating world of Montreal\u2019s World\u2019s Fair, as if you were there. More than just a collection of archives, it opens a window onto the vibrant history of Expo&hellip;<\/p>\n","protected":false},"author":1,"featured_media":0,"parent":0,"menu_order":0,"comment_status":"closed","ping_status":"closed","template":"","meta":{"_acf_changed":false,"inline_featured_image":false,"footnotes":""},"class_list":["post-8126","page","type-page","status-publish","hentry"],"acf":[],"aioseo_notices":[],"_links":{"self":[{"href":"https:\/\/www.expo67.museum\/en\/wp-json\/wp\/v2\/pages\/8126","targetHints":{"allow":["GET"]}}],"collection":[{"href":"https:\/\/www.expo67.museum\/en\/wp-json\/wp\/v2\/pages"}],"about":[{"href":"https:\/\/www.expo67.museum\/en\/wp-json\/wp\/v2\/types\/page"}],"author":[{"embeddable":true,"href":"https:\/\/www.expo67.museum\/en\/wp-json\/wp\/v2\/users\/1"}],"replies":[{"embeddable":true,"href":"https:\/\/www.expo67.museum\/en\/wp-json\/wp\/v2\/comments?post=8126"}],"version-history":[{"count":3,"href":"https:\/\/www.expo67.museum\/en\/wp-json\/wp\/v2\/pages\/8126\/revisions"}],"predecessor-version":[{"id":21434,"href":"https:\/\/www.expo67.museum\/en\/wp-json\/wp\/v2\/pages\/8126\/revisions\/21434"}],"wp:attachment":[{"href":"https:\/\/www.expo67.museum\/en\/wp-json\/wp\/v2\/media?parent=8126"}],"curies":[{"name":"wp","href":"https:\/\/api.w.org\/{rel}","templated":true}]}}