{"id":21494,"date":"2025-07-22T18:31:59","date_gmt":"2025-07-22T22:31:59","guid":{"rendered":"https:\/\/www.expo67.museum\/?page_id=21494"},"modified":"2025-07-22T23:55:05","modified_gmt":"2025-07-23T03:55:05","slug":"ressources","status":"publish","type":"page","link":"https:\/\/www.expo67.museum\/en\/ressources\/","title":{"rendered":"Ressources"},"content":{"rendered":"\t\t<div data-elementor-type=\"wp-page\" data-elementor-id=\"21494\" class=\"elementor elementor-21494\" data-elementor-post-type=\"page\">\n\t\t\t\t\t\t<section class=\"elementor-section elementor-top-section elementor-element elementor-element-281fb53 elementor-section-stretched elementor-section-boxed elementor-section-height-default elementor-section-height-default\" data-id=\"281fb53\" data-element_type=\"section\" data-e-type=\"section\" data-settings=\"{&quot;background_background&quot;:&quot;classic&quot;,&quot;stretch_section&quot;:&quot;section-stretched&quot;}\">\n\t\t\t\t\t\t<div class=\"elementor-container elementor-column-gap-default\">\n\t\t\t\t\t<div class=\"elementor-column elementor-col-100 elementor-top-column elementor-element elementor-element-b8bf508\" data-id=\"b8bf508\" data-element_type=\"column\" data-e-type=\"column\">\n\t\t\t<div class=\"elementor-widget-wrap elementor-element-populated\">\n\t\t\t\t\t\t<div class=\"elementor-element elementor-element-57d80fb elementor-widget elementor-widget-heading\" data-id=\"57d80fb\" data-element_type=\"widget\" data-e-type=\"widget\" data-widget_type=\"heading.default\">\n\t\t\t\t<div class=\"elementor-widget-container\">\n\t\t\t\t\t<h2 class=\"elementor-heading-title elementor-size-default\">Ressources externes<\/h2>\t\t\t\t<\/div>\n\t\t\t\t<\/div>\n\t\t\t\t<div class=\"elementor-element elementor-element-1182a03 elementor-widget elementor-widget-text-editor\" data-id=\"1182a03\" data-element_type=\"widget\" data-e-type=\"widget\" data-widget_type=\"text-editor.default\">\n\t\t\t\t<div class=\"elementor-widget-container\">\n\t\t\t\t\t\t\t\t\t<p style=\"text-align: center;\">Une s\u00e9lection d\u2019articles parus dans les m\u00e9dias au sujet d\u2019Expo 67 ou de son h\u00e9ritage<\/p>\t\t\t\t\t\t\t\t<\/div>\n\t\t\t\t<\/div>\n\t\t\t\t<div class=\"elementor-element elementor-element-a929317 elementor-widget elementor-widget-ressource_archive\" data-id=\"a929317\" data-element_type=\"widget\" data-e-type=\"widget\" data-widget_type=\"ressource_archive.default\">\n\t\t\t\t<div class=\"elementor-widget-container\">\n\t\t\t\t\t<div class=\"mev-news-archive ressource-archive mev-news-cols-1 mev-img-pos-top\"><a href=\"https:\/\/ville.montreal.qc.ca\/memoiresdesmontrealais\/memoires-dexpo-67?utm_source=www.expo67.museum\" class=\"mev-news-card-wrapper\" target=\"_blank\" rel=\"nofollow\"><div class=\"mev-news-card\"><div class=\"mev-news-card-image\"><img fetchpriority=\"high\" width=\"1024\" height=\"305\" src=\"https:\/\/www.expo67.museum\/wp-content\/uploads\/2025\/07\/ressources_mem-1024x305.jpg\" class=\"attachment-large size-large wp-post-image\" alt=\"\" decoding=\"async\" srcset=\"https:\/\/www.expo67.museum\/wp-content\/uploads\/2025\/07\/ressources_mem-1024x305.jpg 1024w, https:\/\/www.expo67.museum\/wp-content\/uploads\/2025\/07\/ressources_mem-300x89.jpg 300w, https:\/\/www.expo67.museum\/wp-content\/uploads\/2025\/07\/ressources_mem-768x228.jpg 768w, https:\/\/www.expo67.museum\/wp-content\/uploads\/2025\/07\/ressources_mem-600x178.jpg 600w, https:\/\/www.expo67.museum\/wp-content\/uploads\/2025\/07\/ressources_mem.jpg 1345w\" sizes=\"(max-width: 1024px) 100vw, 1024px\" \/><div class=\"mev-news-card-blue-overlay\"><\/div><h3 class=\"mev-news-card-title mev-title-on-image\">Encyclop\u00e9die du MEM &#8211; M\u00e9moires d\u2019Expo 67<\/h3><\/div><div class=\"mev-news-card-content\"><div class=\"mev-news-card-content-inner\"><div class=\"mev-news-card-logo-inline\"><img decoding=\"async\" src=\"https:\/\/www.expo67.museum\/wp-content\/uploads\/2025\/07\/ressource_logo_mem.svg\" class=\"mev-ressource-logo-img\" alt=\"Logo\" \/><\/div><div class=\"mev-news-card-text\"><p class=\"mev-news-card-excerpt\">L&#039;encyclop\u00e9die en ligne est le site du MEM \u2013 Centre des m\u00e9moires montr\u00e9alaises sur l&#039;histoire de la ville et de ses habitants. Pour c\u00e9l\u00e9brer cette date cl\u00e9, le site du MEM consacre plusieurs dossiers \u00e0 l\u2019Exposition universelle de 1967.<\/p><\/div><\/div><\/div><\/div><\/a><a href=\"https:\/\/www.habitat67.com\/?utm_source=www.expo67.museum\" class=\"mev-news-card-wrapper\" target=\"_blank\" rel=\"nofollow\"><div class=\"mev-news-card\"><div class=\"mev-news-card-image\"><img width=\"1024\" height=\"683\" src=\"https:\/\/www.expo67.museum\/wp-content\/uploads\/2025\/07\/ressources_habitat67-1024x683.jpg\" class=\"attachment-large size-large wp-post-image\" alt=\"\" decoding=\"async\" srcset=\"https:\/\/www.expo67.museum\/wp-content\/uploads\/2025\/07\/ressources_habitat67-1024x683.jpg 1024w, https:\/\/www.expo67.museum\/wp-content\/uploads\/2025\/07\/ressources_habitat67-300x200.jpg 300w, https:\/\/www.expo67.museum\/wp-content\/uploads\/2025\/07\/ressources_habitat67-768x512.jpg 768w, https:\/\/www.expo67.museum\/wp-content\/uploads\/2025\/07\/ressources_habitat67-1536x1024.jpg 1536w, https:\/\/www.expo67.museum\/wp-content\/uploads\/2025\/07\/ressources_habitat67-2048x1366.jpg 2048w, https:\/\/www.expo67.museum\/wp-content\/uploads\/2025\/07\/ressources_habitat67-600x400.jpg 600w\" sizes=\"(max-width: 1024px) 100vw, 1024px\" \/><div class=\"mev-news-card-blue-overlay\"><\/div><h3 class=\"mev-news-card-title mev-title-on-image\">Habitat 67 : L&#8217;ic\u00f4ne architecturale de Montr\u00e9al<\/h3><\/div><div class=\"mev-news-card-content\"><div class=\"mev-news-card-content-inner\"><div class=\"mev-news-card-logo-inline\"><img decoding=\"async\" src=\"https:\/\/www.expo67.museum\/wp-content\/uploads\/2025\/07\/logo_habitat67.svg\" class=\"mev-ressource-logo-img\" alt=\"Logo\" \/><\/div><div class=\"mev-news-card-text\"><p class=\"mev-news-card-excerpt\">Con\u00e7u par Moshe Safdie pour Expo 67, Habitat 67 est le legs officiel de Terre des Hommes et son seul pavillon original intact. Situ\u00e9 \u00e0 la Cit\u00e9-du-Havre, une p\u00e9ninsule artificielle centenaire \u00e9largie pour Expo 67, Habitat 67 b\u00e9n\u00e9ficie de vues imprenables sur le fleuve, le centre-ville et le Vieux-Port de Montr\u00e9al.Depuis 2017, des visites guid\u00e9es sont offertes durant la saison estivale. Ces visites permettent d&#039;appr\u00e9cier directement Habitat 67, son histoire et son architecture en plus de contribuer directement \u00e0 sa mise en valeur.<\/p><\/div><\/div><\/div><\/div><\/a><\/div><style>\n        .mev-news-archive { display:grid;gap:20px;grid-auto-rows:1fr; }\n        .mev-news-cols-2 { grid-template-columns:repeat(2,1fr); }\n        .mev-news-cols-3 { grid-template-columns:repeat(3,1fr); }\n        .mev-news-cols-4 { grid-template-columns:repeat(4,1fr); }\n        .mev-news-cols-1 { grid-template-columns:repeat(1,1fr); }\n\n        .mev-img-pos-left .mev-news-card { flex-direction:row; }\n        .mev-img-pos-right .mev-news-card { flex-direction:row-reverse; }\n        .mev-img-pos-top .mev-news-card { flex-direction:column; }\n        .mev-img-pos-bottom .mev-news-card { flex-direction:column-reverse; }\n\n        .ressource-archive.mev-img-pos-left .mev-news-card-image,\n        .ressource-archive.mev-img-pos-right .mev-news-card-image {\n            flex: 0 0 350px;\n        }\n\n        .ressource-archive .mev-news-card-image {\n            height: 220px;\n            min-height: 220px;\n            max-height: 220px;\n            position: relative;\n            display: flex;\n            align-items: flex-end;\n            overflow: hidden;\n        }\n        .ressource-archive .mev-news-card-image img {\n            height: 100%;\n            width: 100%;\n            object-fit: cover;\n            display: block;\n        }\n\n        .mev-news-card-image { position:relative;overflow:hidden; }\n        .mev-news-card-blue-overlay { position:absolute;inset:0;background:rgba(17,55,162,0.35);transition:opacity .3s;pointer-events:none; }\n        .mev-news-card-wrapper:hover .mev-news-card-blue-overlay { opacity:0; }\n\n        .mev-news-card-content-inner {\n            display: flex;\n            align-items: center;\n            gap: 22px;\n        }\n        .mev-news-card-logo-inline {\n            display: flex;\n            align-items: center;\n            justify-content: center;\n            min-width: 60px;\n            max-width: 140px;\n        }\n       .mev-ressource-logo-img {\n    max-width: 150px;\n    max-height: 48px;\n    min-width: 0;\n    width: 100%;\n    \/* Bleu tr\u00e8s fonc\u00e9 *\/\n    filter:\n      brightness(0) saturate(40%) invert(16%) sepia(100%) saturate(800%)\n      hue-rotate(206deg) brightness(130%) contrast(120%) !important;\n    display: block;\n}\n.mev-news-card-wrapper:hover .mev-ressource-logo-img {\n    filter: brightness(0) invert(1) !important;\n}\n\n\n        .mev-news-card-text {\n            flex: 1 1 auto;\n        }\n\n        .mev-title-on-image {\n            position: absolute;\n            left: 18px;\n            bottom: 18px;\n            margin: 0;\n            padding: 0;\n            background: none !important;\n            color: #fff !important;\n            font-size: 1.35em;\n            font-weight: 300;\n            font-family: inherit !important;\n            text-shadow: 1px 1px 6px rgba(0,0,0,0.33);\n            z-index: 15;\n            box-sizing: border-box;\n            letter-spacing: -0.5px;\n            min-height: 36px;\n            display: flex;\n            align-items: center;\n        }\n\n        .mev-news-card-wrapper { display:block;height:100%;text-decoration:none;color:inherit; }\n        .mev-news-card-wrapper:hover .mev-news-card { transform:translateY(-5px);background:#1137A2;color:#fff; }\n\n        .mev-news-card { display:flex;height:100%;background:#fff;border:1px solid;overflow:hidden;transition:background .3s,color .3s,transform .3s; }\n\n        .mev-news-card-content { padding:15px;flex:1;display:flex;flex-direction:column;justify-content:space-between; }\n        .mev-news-card-title { margin:0 0 8px; }\n        .mev-news-card-date { font-size:0.85em;margin-bottom:8px;color:#333; }\n        .mev-news-card-wrapper:hover .mev-news-card-date { color:#fff!important; }\n\n        .mev-news-card-excerpt { margin:0;font-size:1em;line-height:1.4;}\n        @media(max-width:1100px){\n          .mev-title-on-image { font-size:1em; left:16px;}\n        }\n        @media(max-width:768px){\n          .mev-news-archive { grid-template-columns:1fr!important; }\n          .mev-news-card { flex-direction:column!important; }\n          .mev-news-card-image { flex:0 0 auto;aspect-ratio:3\/2; }\n          .mev-title-on-image { font-size:1em; left:10px;}\n          .mev-news-card-content-inner { flex-direction: column; align-items: flex-start; gap: 10px; }\n          .mev-news-card-logo-inline { margin-bottom: 8px;}\n        }\n        <\/style>\t\t\t\t<\/div>\n\t\t\t\t<\/div>\n\t\t\t\t<div class=\"elementor-element elementor-element-7c1db47 elementor-widget elementor-widget-spacer\" data-id=\"7c1db47\" data-element_type=\"widget\" data-e-type=\"widget\" data-widget_type=\"spacer.default\">\n\t\t\t\t<div class=\"elementor-widget-container\">\n\t\t\t\t\t\t\t<div class=\"elementor-spacer\">\n\t\t\t<div class=\"elementor-spacer-inner\"><\/div>\n\t\t<\/div>\n\t\t\t\t\t\t<\/div>\n\t\t\t\t<\/div>\n\t\t\t\t\t<\/div>\n\t\t<\/div>\n\t\t\t\t\t<\/div>\n\t\t<\/section>\n\t\t\t\t<section class=\"elementor-section elementor-top-section elementor-element elementor-element-dd49aec elementor-section-boxed elementor-section-height-default elementor-section-height-default\" data-id=\"dd49aec\" data-element_type=\"section\" data-e-type=\"section\">\n\t\t\t\t\t\t<div class=\"elementor-container elementor-column-gap-default\">\n\t\t\t\t\t<div class=\"elementor-column elementor-col-100 elementor-top-column elementor-element elementor-element-0cc853f\" data-id=\"0cc853f\" data-element_type=\"column\" data-e-type=\"column\">\n\t\t\t<div class=\"elementor-widget-wrap\">\n\t\t\t\t\t\t\t<\/div>\n\t\t<\/div>\n\t\t\t\t\t<\/div>\n\t\t<\/section>\n\t\t\t\t<\/div>\n\t\t","protected":false},"excerpt":{"rendered":"<p>Ressources externes Une s\u00e9lection d\u2019articles parus dans les m\u00e9dias au sujet d\u2019Expo 67 ou de son h\u00e9ritage Habitat 67 : L&#8217;ic\u00f4ne architecturale de Montr\u00e9al Con\u00e7u par Moshe Safdie pour Expo 67, Habitat 67 est le legs officiel de Terre des Hommes et son seul pavillon original intact. Situ\u00e9 \u00e0 la Cit\u00e9-du-Havre, une p\u00e9ninsule artificielle centenaire&hellip;<\/p>\n","protected":false},"author":1,"featured_media":0,"parent":0,"menu_order":0,"comment_status":"closed","ping_status":"closed","template":"","meta":{"_acf_changed":false,"inline_featured_image":false,"footnotes":""},"class_list":["post-21494","page","type-page","status-publish","hentry"],"acf":[],"aioseo_notices":[],"_links":{"self":[{"href":"https:\/\/www.expo67.museum\/en\/wp-json\/wp\/v2\/pages\/21494","targetHints":{"allow":["GET"]}}],"collection":[{"href":"https:\/\/www.expo67.museum\/en\/wp-json\/wp\/v2\/pages"}],"about":[{"href":"https:\/\/www.expo67.museum\/en\/wp-json\/wp\/v2\/types\/page"}],"author":[{"embeddable":true,"href":"https:\/\/www.expo67.museum\/en\/wp-json\/wp\/v2\/users\/1"}],"replies":[{"embeddable":true,"href":"https:\/\/www.expo67.museum\/en\/wp-json\/wp\/v2\/comments?post=21494"}],"version-history":[{"count":17,"href":"https:\/\/www.expo67.museum\/en\/wp-json\/wp\/v2\/pages\/21494\/revisions"}],"predecessor-version":[{"id":21515,"href":"https:\/\/www.expo67.museum\/en\/wp-json\/wp\/v2\/pages\/21494\/revisions\/21515"}],"wp:attachment":[{"href":"https:\/\/www.expo67.museum\/en\/wp-json\/wp\/v2\/media?parent=21494"}],"curies":[{"name":"wp","href":"https:\/\/api.w.org\/{rel}","templated":true}]}}